{"id":1775,"date":"2023-03-20T16:52:34","date_gmt":"2023-03-20T15:52:34","guid":{"rendered":"https:\/\/landhoeve.nl\/datenschutzbestimmungen\/"},"modified":"2026-03-06T16:07:41","modified_gmt":"2026-03-06T15:07:41","slug":"datenschutzbestimmungen","status":"publish","type":"page","link":"https:\/\/landhoeve.nl\/de\/datenschutzbestimmungen\/","title":{"rendered":"Datenschutzbestimmungen"},"content":{"rendered":"<p>[et_pb_section fb_built=&#8220;1&#8243; _builder_version=&#8220;4.20.0&#8243; _module_preset=&#8220;default&#8220; background_color=&#8220;#f0eedd&#8220; global_colors_info=&#8220;{}&#8220;][et_pb_row _builder_version=&#8220;4.20.0&#8243; _module_preset=&#8220;default&#8220; global_colors_info=&#8220;{}&#8220;][et_pb_column type=&#8220;4_4&#8243; _builder_version=&#8220;4.20.0&#8243; _module_preset=&#8220;default&#8220; global_colors_info=&#8220;{}&#8220;][et_pb_text _builder_version=&#8220;4.27.6&#8243; _module_preset=&#8220;default&#8220; text_text_color=&#8220;#3A2A22&#8243; text_line_height=&#8220;1.8em&#8220; link_text_color=&#8220;#714d3e&#8220; header_font=&#8220;&#8211;et_global_heading_font|600|||||||&#8220; header_text_color=&#8220;#3A2A22&#8243; hover_enabled=&#8220;0&#8243; global_colors_info=&#8220;{}&#8220; text_font_size=&#8220;16px&#8220; header_font_size=&#8220;30px&#8220; sticky_enabled=&#8220;0&#8243;]<\/p>\n<h1>Erkl\u00e4rung zum Datenschutz<\/h1>\n<p>Landhoeve, mit Sitz in Hulweg 5, 8097 RE Oosterwolde Gld, ist f\u00fcr die Verarbeitung der personenbezogenen Daten verantwortlich, die in dieser Datenschutzerkl\u00e4rung aufgef\u00fchrt sind.<\/p>\n<p><strong>Kontaktangaben<\/strong><\/p>\n<p>Landhoeve<br \/>Hulweg 5<br \/>8097 RE Oosterwolde gld<br \/><a href=\"mailto:info@boerderijdelandhoeve.nl\">info@landhoeve.nl<\/a><br \/>06-15531508 \/ 06-41498409<br \/>Handelskammer 63943107<\/p>\n<p>H.P.C. van de Wetering (Peter) und W. van Essen &#8211; van de Wetering (Wendy) sind die Eigent\u00fcmer der Landhoeve und k\u00f6nnen unter den oben genannten Kontaktdaten erreicht werden.<\/p>\n<p><strong>Von uns verarbeitete personenbezogene Daten<\/strong><br \/>Landhoeve verarbeitet Ihre personenbezogenen Daten, weil Sie unsere Dienste nutzen und\/oder weil Sie uns diese Daten selbst zur Verf\u00fcgung stellen.<\/p>\n<p>Nachstehend finden Sie einen \u00dcberblick \u00fcber die von uns verarbeiteten personenbezogenen Daten:<br \/>&#8211; Vorname und Nachname<br \/>&#8211; Geschlecht<br \/>&#8211; Angaben zur Adresse<br \/>&#8211; Rufnummer<br \/>&#8211; E-Mail Adresse<br \/>&#8211; Sonstige personenbezogene Daten, die Sie uns aktiv zur Verf\u00fcgung stellen, z. B. durch die Erstellung eines Profils auf dieser Website, im Schriftverkehr und per Telefon<br \/>&#8211; Daten \u00fcber Ihre Aktivit\u00e4ten auf unserer Website<\/p>\n<p><strong>Besondere und\/oder sensible personenbezogene Daten, die wir verarbeiten<\/strong><br \/>Unsere Website und\/oder unser Dienst beabsichtigt nicht, Daten von Website-Besuchern zu sammeln, die unter 16 Jahre alt sind. Es sei denn, sie haben die Erlaubnis ihrer Eltern oder Erziehungsberechtigten. Wir k\u00f6nnen jedoch nicht \u00fcberpr\u00fcfen, ob ein Besucher \u00fcber 16 Jahre alt ist. Wir raten daher den Eltern, sich an den Online-Aktivit\u00e4ten ihrer Kinder zu beteiligen, um zu vermeiden, dass Daten \u00fcber Kinder ohne die Zustimmung der Eltern gesammelt werden. Wenn Sie davon \u00fcberzeugt sind, dass wir personenbezogene Daten \u00fcber einen Minderj\u00e4hrigen ohne eine solche Zustimmung gesammelt haben, wenden Sie sich bitte an info@landhoeve.nl, und wir werden diese Informationen l\u00f6schen.<\/p>\n<p><strong>Landhoeve verarbeitet Ihre personenbezogenen Daten zu folgenden Zwecken<\/strong><br \/>&#8211; Abwicklung Ihrer Zahlung<br \/>&#8211; Versenden unseres Newsletters<br \/>&#8211; Sie anzurufen oder per E-Mail zu kontaktieren, wenn dies zur Erbringung unserer Dienstleistungen erforderlich ist<br \/>&#8211; Information \u00fcber \u00c4nderungen an unseren Dienstleistungen und Produkten<br \/>&#8211; Erm\u00f6glicht die Erstellung eines Kontos<br \/>&#8211; Landhoeve verarbeitet auch personenbezogene Daten, wenn wir gesetzlich dazu verpflichtet sind, wie z. B. Daten, die wir f\u00fcr unsere Steuererkl\u00e4rung ben\u00f6tigen.<\/p>\n<p><strong>Automatisierte Entscheidungsfindung<\/strong><br \/>Landhoeve trifft keine Entscheidungen \u00fcber Angelegenheiten, die den Einzelnen (erheblich) beeintr\u00e4chtigen k\u00f6nnten, auf der Grundlage einer automatisierten Verarbeitung. Dabei handelt es sich um Entscheidungen, die von Computerprogrammen oder -systemen getroffen werden, ohne dass ein Mensch (z. B. ein Angestellter der Landhoefe) daran beteiligt ist.<\/p>\n<p><strong>Wie lange wir personenbezogene Daten aufbewahren<\/strong><span><br \/><\/span>Landhoeve bewahrt Ihre personenbezogenen Daten nur so lange auf, wie es f\u00fcr die Erf\u00fcllung der Zwecke, f\u00fcr die Ihre Daten erhoben wurden, unbedingt erforderlich ist.<\/p>\n<p><strong>Weitergabe personenbezogener Daten an Dritte<\/strong><span><br \/><\/span>Landhoeve verkauft Ihre Daten nicht an Dritte und stellt sie nur dann zur Verf\u00fcgung, wenn dies f\u00fcr die Erf\u00fcllung unseres Vertrags mit Ihnen oder zur Erf\u00fcllung einer gesetzlichen Verpflichtung erforderlich ist. Wir schlie\u00dfen einen Verarbeitungsvertrag mit Unternehmen ab, die Ihre Daten in unserem Auftrag verarbeiten, um das gleiche Ma\u00df an Sicherheit und Vertraulichkeit Ihrer Daten zu gew\u00e4hrleisten. Landhoeve bleibt f\u00fcr diese Verarbeitungen verantwortlich.<\/p>\n<p><strong>Cookies oder \u00e4hnliche Techniken, die wir verwenden<\/strong><br \/>Landhoeve verwendet funktionale, analytische und Tracking-Cookies. Ein Cookie ist eine kleine Textdatei, die im Browser Ihres Computers, Tablets oder Smartphones gespeichert wird, wenn Sie diese Website zum ersten Mal besuchen. Landhoeve verwendet Cookies mit rein technischer Funktionalit\u00e4t. Diese sorgen daf\u00fcr, dass die Website ordnungsgem\u00e4\u00df funktioniert und dass beispielsweise Ihre Pr\u00e4ferenzen gespeichert werden. Diese Cookies werden auch verwendet, um das Funktionieren der Website zu gew\u00e4hrleisten und sie zu optimieren. Wir setzen auch Cookies, die Ihr Surfverhalten verfolgen, damit wir Ihnen ma\u00dfgeschneiderte Inhalte und Werbung anbieten k\u00f6nnen. Bei Ihrem ersten Besuch auf unserer Website haben wir Sie bereits \u00fcber diese Cookies informiert und um Ihr Einverst\u00e4ndnis gebeten, sie zu setzen. Sie k\u00f6nnen die Verwendung von Cookies ablehnen, indem Sie Ihren Internetbrowser so einstellen, dass keine Cookies mehr gespeichert werden. Dar\u00fcber hinaus k\u00f6nnen Sie \u00fcber die Einstellungen Ihres Browsers alle zuvor gespeicherten Informationen l\u00f6schen.<br \/>F\u00fcr eine Erkl\u00e4rung siehe: <a href=\"https:\/\/veiliginternetten.nl\/themes\/situatie\/cookies-wat-zijn-het-en-wat-doe-ik-ermee\" target=\"_blank\" rel=\"noopener\" title=\"Erkl\u00e4rung Cookies\">https:\/\/veiliginternetten.nl\/themes\/situatie\/cookies-wat-zijn-het-en-wat-doe-ik-ermee<\/a><\/p>\n<p>Analytische Cookies \/ Tracking-Cookies<br \/>Google Analytics<\/p>\n<p>Inserate<br \/>Google AdWords<br \/>Facebook-Pixel<\/p>\n<p>Soziale Medien<br \/>Facebook<br \/>LinkedIn<\/p>\n<p><strong>Daten ansehen, \u00e4ndern oder l\u00f6schen<\/strong><br \/>Sie haben das Recht auf Zugang, Berichtigung oder L\u00f6schung Ihrer personenbezogenen Daten. Sie k\u00f6nnen dies selbst \u00fcber die pers\u00f6nlichen Einstellungen Ihres Kontos tun. Dar\u00fcber hinaus haben Sie das Recht, Ihre eventuelle Einwilligung zur Datenverarbeitung zu widerrufen oder der Verarbeitung Ihrer personenbezogenen Daten durch unser Unternehmen zu widersprechen, und Sie haben das Recht auf Daten\u00fcbertragbarkeit. Das bedeutet, dass Sie uns auffordern k\u00f6nnen, die personenbezogenen Daten, die wir \u00fcber Sie in einer Computerdatei gespeichert haben, an Sie oder eine andere von Ihnen benannte Organisation zu \u00fcbermitteln.<\/p>\n<p>Wenn Sie von Ihrem Widerspruchsrecht und\/oder Ihrem Recht auf Daten\u00fcbertragbarkeit Gebrauch machen m\u00f6chten oder sonstige Fragen\/Anmerkungen zur Datenverarbeitung haben, senden Sie bitte einen detaillierten Antrag an info@landhoeve.nl.<\/p>\n<p>Um sicherzustellen, dass der Antrag auf Einsichtnahme von Ihnen gestellt wird, bitten wir Sie, dem Antrag eine Kopie Ihres Ausweises beizuf\u00fcgen. Schw\u00e4rzen Sie auf dieser Kopie Ihr Passfoto, die MRZ (maschinenlesbare Zone, der Zahlenstreifen am unteren Rand des Passes), die Passnummer und die B\u00fcrgerservicenummer (BSN). Dies dient dem Schutz Ihrer Privatsph\u00e4re. Landhoeve wird Ihre Anfrage so schnell wie m\u00f6glich, in jedem Fall aber innerhalb von vier Wochen beantworten.<\/p>\n<p>Landhoeve m\u00f6chte Sie auch dar\u00fcber informieren, dass Sie die M\u00f6glichkeit haben, eine Beschwerde bei der nationalen Aufsichtsbeh\u00f6rde, der Beh\u00f6rde f\u00fcr personenbezogene Daten, einzureichen. Sie k\u00f6nnen dies \u00fcber den folgenden Link tun:<span> <\/span><a href=\"https:\/\/autoriteitpersoonsgegevens.nl\/nl\/contact-met-de-autoriteit-persoonsgegevens\/tip-ons\" target=\"_blank\" rel=\"noopener\" title=\"Beh\u00f6rde f\u00fcr personenbezogene Daten\">https:\/\/autoriteitpersoonsgegevens.nl\/nl\/contact-met-de-autoriteit-persoonsgegevens\/tip-ons<\/a><\/p>\n<p><strong>Wie wir personenbezogene Daten sch\u00fctzen<\/strong><br \/>Landhoeve nimmt den Schutz Ihrer Daten ernst und ergreift geeignete Ma\u00dfnahmen, um Missbrauch, Verlust, unbefugtem Zugriff, unerw\u00fcnschter Offenlegung und unbefugter \u00c4nderung entgegenzuwirken. Wenn Sie das Gef\u00fchl haben, dass Ihre Daten noch immer nicht sicher sind oder es Anzeichen f\u00fcr einen Missbrauch gibt, kontaktieren Sie uns bitte unter info@landhoeve.nl<\/p>\n<p>[\/et_pb_text][\/et_pb_column][\/et_pb_row][\/et_pb_section]<\/p>\n","protected":false},"excerpt":{"rendered":"<p>Erkl\u00e4rung zum Datenschutz Landhoeve, mit Sitz in Hulweg 5, 8097 RE Oosterwolde Gld, ist f\u00fcr die Verarbeitung der personenbezogenen Daten verantwortlich, die in dieser Datenschutzerkl\u00e4rung aufgef\u00fchrt sind. Kontaktangaben LandhoeveHulweg 58097 RE Oosterwolde gldinfo@landhoeve.nl06-15531508 \/ 06-41498409Handelskammer 63943107 H.P.C. van de Wetering (Peter) und W. van Essen &#8211; van de Wetering (Wendy) sind die Eigent\u00fcmer der Landhoeve [&hellip;]<\/p>\n","protected":false},"author":2,"featured_media":0,"parent":0,"menu_order":0,"comment_status":"closed","ping_status":"closed","template":"","meta":{"_et_pb_use_builder":"on","_et_pb_old_content":"","_et_gb_content_width":"","footnotes":""},"class_list":["post-1775","page","type-page","status-publish","hentry"],"_links":{"self":[{"href":"https:\/\/landhoeve.nl\/de\/wp-json\/wp\/v2\/pages\/1775","targetHints":{"allow":["GET"]}}],"collection":[{"href":"https:\/\/landhoeve.nl\/de\/wp-json\/wp\/v2\/pages"}],"about":[{"href":"https:\/\/landhoeve.nl\/de\/wp-json\/wp\/v2\/types\/page"}],"author":[{"embeddable":true,"href":"https:\/\/landhoeve.nl\/de\/wp-json\/wp\/v2\/users\/2"}],"replies":[{"embeddable":true,"href":"https:\/\/landhoeve.nl\/de\/wp-json\/wp\/v2\/comments?post=1775"}],"version-history":[{"count":1,"href":"https:\/\/landhoeve.nl\/de\/wp-json\/wp\/v2\/pages\/1775\/revisions"}],"predecessor-version":[{"id":6729,"href":"https:\/\/landhoeve.nl\/de\/wp-json\/wp\/v2\/pages\/1775\/revisions\/6729"}],"wp:attachment":[{"href":"https:\/\/landhoeve.nl\/de\/wp-json\/wp\/v2\/media?parent=1775"}],"curies":[{"name":"wp","href":"https:\/\/api.w.org\/{rel}","templated":true}]}}