{"id":1789,"date":"2023-03-20T16:48:30","date_gmt":"2023-03-20T15:48:30","guid":{"rendered":"https:\/\/landhoeve.nl\/allgemeine-bedingungen-und-konditionen\/"},"modified":"2026-03-06T16:05:39","modified_gmt":"2026-03-06T15:05:39","slug":"allgemeine-bedingungen-und-konditionen","status":"publish","type":"page","link":"https:\/\/landhoeve.nl\/de\/allgemeine-bedingungen-und-konditionen\/","title":{"rendered":"Allgemeine Bedingungen und Konditionen"},"content":{"rendered":"<p>[et_pb_section fb_built=&#8220;1&#8243; _builder_version=&#8220;4.20.0&#8243; _module_preset=&#8220;default&#8220; background_color=&#8220;#f0eedd&#8220; global_colors_info=&#8220;{}&#8220;][et_pb_row _builder_version=&#8220;4.20.0&#8243; _module_preset=&#8220;default&#8220; global_colors_info=&#8220;{}&#8220;][et_pb_column type=&#8220;4_4&#8243; _builder_version=&#8220;4.20.0&#8243; _module_preset=&#8220;default&#8220; global_colors_info=&#8220;{}&#8220;][et_pb_text _builder_version=&#8220;4.27.6&#8243; _module_preset=&#8220;default&#8220; text_text_color=&#8220;#3A2A22&#8243; text_line_height=&#8220;2em&#8220; header_font=&#8220;Landhoeve koppen nieuw|600|||||||&#8220; header_text_color=&#8220;#3A2A22&#8243; header_font_size=&#8220;30px&#8220; custom_margin=&#8220;|0px||0px|false|true&#8220; custom_padding=&#8220;|0px||0px|false|true&#8220; hover_enabled=&#8220;0&#8243; global_colors_info=&#8220;{}&#8220; text_font_size=&#8220;18px&#8220; sticky_enabled=&#8220;0&#8243;]<\/p>\n<h1>Allgemeine Bestimmungen und Bedingungen<\/h1>\n<p><strong><\/strong><\/p>\n<p><strong>1. Buchungen<\/strong><br \/>Landhoeve akzeptiert nur Buchungen von Personen ab 18 Jahren.<br \/>Wir behalten uns das Recht vor, eine Buchung jederzeit \u2013 ohne Angabe von Gr\u00fcnden \u2013 abzulehnen.<\/p>\n<p><strong>2. Gruppenbuchungen<\/strong><br \/>Besondere Bedingungen k\u00f6nnen unter anderem f\u00fcr die Begleitung einer Gruppe,<br \/>W\u00e4hrend der Zweck und die Gr\u00f6\u00dfe der Gruppe in bestimmten F\u00e4llen dazu f\u00fchren k\u00f6nnen, dass eine Gruppe nicht aufgenommen wird.<\/p>\n<p><strong>3. Zahlungsbedingungen<\/strong><br \/>Bei Buchung verrechnen wir eine Anzahlung von 30%.<br \/><span>Die Anzahlung muss innerhalb von 24 Stunden geleistet werden, danach ist die Buchung endg\u00fcltig.<\/span><br \/><span>Aus einer Buchung, die nicht innerhalb dieser 24 Stunden bezahlt wurde, k\u00f6nnen keine Rechte abgeleitet werden.<br \/><strong>Wenn Sie eine Reservierung bei einem Dritten vorgenommen haben, kontaktieren Sie uns bitte direkt f\u00fcr die Bedingungen und die Abwicklung.<\/strong><br \/><\/span><\/p>\n<p>Der Restbetrag der Buchung ist 6 Wochen vor Anreise f\u00e4llig.<br \/><span>Bei versp\u00e4teter oder unvollst\u00e4ndiger Zahlung von Rechnungsbetr\u00e4gen schicken wir eine Zahlungserinnerung.<\/span><br \/><span>Wenn der Betrag nicht innerhalb von 7 Tagen nach Versand der Zahlungserinnerung bei uns eingegangen ist, senden wir eine (letzte) Zahlungserinnerung (Mahnung).<br \/>Wenn der Betrag nicht innerhalb von 7 Tagen nach Versand der letzten Zahlungsaufforderung bei uns eingegangen ist, l\u00f6sen wir den Vertrag einseitig auf und benachrichtigen den Gast entsprechend. <\/span><span>Zu diesem Zeitpunkt wird eine Stornogeb\u00fchr in H\u00f6he von 30% der gesamten Reisesumme (entspricht der Anzahlung) abgezogen, damit uns so wenig Schaden wie m\u00f6glich aus der stornierten Buchung entsteht.<br \/><strong>Wenn Sie eine Reservierung bei einem Dritten vorgenommen haben, kontaktieren Sie uns bitte direkt f\u00fcr die Bedingungen und die Abwicklung.<\/strong><br \/><\/span><\/p>\n<p><strong>4. Widerrufsbelehrung<\/strong><br \/>Eine Stornierung per E-Mail bearbeiten wir nur.<br \/><span>&#8211; Wenn Sie innerhalb von 24 Stunden nach der Buchung stornieren, haben Sie Anspruch auf eine vollst\u00e4ndige Erstattung des Buchungsbetrags.<\/span><br \/><span>&#8211; Bei einer Stornierung bis zum 42. Tag vor Beginn des Aufenthalts betr\u00e4gt die Stornogeb\u00fchr 30% des Reisepreises.<\/span><br \/><span>&#8211; Bei einer Stornierung ab dem 42. Tag bis zum 28. Tag vor Beginn des Aufenthalts betr\u00e4gt die Stornogeb\u00fchr 60 % des Reisepreises.<\/span><br \/><span>&#8211; Bei einer Stornierung ab dem 28. Tag bis zum ersten Tag des Aufenthalts betr\u00e4gt die Stornogeb\u00fchr 90% des Reisepreises.<\/span><br \/><span>&#8211; Bei Stornierung am ersten Tag des Aufenthalts oder sp\u00e4ter betr\u00e4gt die Stornogeb\u00fchr 100% des Reisepreises.<\/span><br \/><span>F\u00fcr die Stornierungsbedingungen gilt der in der Buchungsbest\u00e4tigung angegebene Anreisetag.<\/span><br \/><strong><span>Wenn Sie eine Reservierung bei einem Dritten vorgenommen haben, wenden Sie sich bitte direkt an diesen, um die Bedingungen und die Abwicklung zu erfahren.<\/span><\/strong><\/p>\n<p><strong><span>Im Falle einer Covid-19-Infektion in der Reisegruppe:<br \/><\/span><\/strong><span>Bitte kontaktieren Sie uns vor Ihrer Ankunft bez\u00fcglich Ihrer Buchung.<br \/>Im Falle einer Infektion in der Reisegruppe k\u00f6nnen Sie Ihre Buchung auf einen sp\u00e4teren Zeitpunkt umbuchen, bis maximal 18 Monate nach dem urspr\u00fcnglichen Ankunftsdatum.<\/span><strong><span><br \/>F\u00fcr den Fall, dass Sie auf einen teureren oder g\u00fcnstigeren Zeitraum umbuchen m\u00f6chten, gilt die Preisdifferenz und der Aufenthalt wird neu berechnet.<br \/>Als Nachweis ist ein offizieller positiver PCR-Test erforderlich, um diese Zusatzbedingung in Anspruch nehmen zu k\u00f6nnen.<\/span><\/strong><\/p>\n<p><strong>5. Haftung<br \/><\/strong>Die Nutzung der Unterk\u00fcnfte und Einrichtungen auf dem Landhoeve erfolgt ausschlie\u00dflich auf Risiko des Mieters und der Nutzer.<br \/>Wir \u00fcbernehmen keine Haftung f\u00fcr:<br \/>\u2013 Diebstahl, Verlust oder Besch\u00e4digung jeglicher Art w\u00e4hrend oder infolge des Aufenthalts auf unserem Bauernhof;<br \/>\u2013 die Deaktivierung oder Stilllegung von technischen Anlagen und den Ausfall oder die Schlie\u00dfung von Einrichtungen auf dem Landhoeve.<br \/>\u2013 In Bezug auf Covid-19 tr\u00e4gt jeder seine eigene Verantwortung und alle Folgen, die Covid-19 haben kann, gehen zu seinen Lasten.<\/p>\n<p>Der Mieter und die ihn begleitenden Personen haften gesamtschuldnerisch f\u00fcr alle Sch\u00e4den, die als direkte oder indirekte Folge ihres Aufenthalts entstehen, unabh\u00e4ngig davon, ob sie durch Handlungen oder Unterlassungen von ihnen selbst oder von Dritten, die sich durch ihr Verschulden auf der Landhoeve aufhalten, verursacht wurden, sowie f\u00fcr alle Sch\u00e4den, die durch Tiere und\/oder Gegenst\u00e4nde in ihrem Besitz verursacht werden.<\/p>\n<p>Bei unsachgem\u00e4\u00dfer Nutzung oder unsachgem\u00e4\u00dfem Verlassen der Unterkunft k\u00f6nnen zus\u00e4tzliche (Reinigungs-)Kosten erhoben werden, siehe auch Hausordnung.<\/p>\n<p><strong>6. Hausordnung Bauernhof de Landhoeve<\/strong><\/p>\n<ul>\n<li>Ankunftszeit 16:00 Uhr und Abfahrtszeit 10:00 Uhr<\/li>\n<li>Parken von Autos auf dem Parkplatz<\/li>\n<li>Es ist strengstens verboten, mit dem Auto auf das Gel\u00e4nde zu fahren, um kleine Kinder zu sch\u00fctzen.<\/li>\n<li>Das Rauchen ist in allen Unterk\u00fcnften und Innenr\u00e4umen verboten.<\/li>\n<li>Es ist nicht erlaubt, Bet\u00e4ubungsmittel zu besitzen und\/oder zu konsumieren<\/li>\n<li>Es besteht Aufsichtspflicht f\u00fcr Kinder &lt; 12 Jahre alt<\/li>\n<li>Die Ruhezeiten liegen zwischen 22.00 und 7.00 Uhr.<\/li>\n<li>Auf dem Bauernhof sind keine Tonanlagen erlaubt, auch nicht au\u00dferhalb der Ruhezeiten.<\/li>\n<li>Besuche sind erlaubt, bei mehr als 4 Besuchern nur nach Absprache<\/li>\n<li>Partys oder Geburtstage zum Beispiel sind wegen m\u00f6glicher Unannehmlichkeiten f\u00fcr unsere anderen G\u00e4ste nur nach R\u00fccksprache m\u00f6glich.<\/li>\n<li>Alle Unterk\u00fcnfte sind ausschlie\u00dflich f\u00fcr den Freizeitgebrauch (touristische Zwecke) bestimmt und daher nicht als (vor\u00fcbergehende) Gesch\u00e4ftsunterkunft oder als vor\u00fcbergehender Arbeitsort gedacht!<\/li>\n<\/ul>\n<p><strong>Bei der Abreise erwarten wir, dass Sie alles ordentlich und sauber hinterlassen:<\/strong><\/p>\n<ul>\n<li>Sammeln Sie die Bettw\u00e4sche (+ Handt\u00fccher und K\u00fcchenw\u00e4sche) und geben Sie sie in den daf\u00fcr vorgesehenen W\u00e4schesack.<\/li>\n<li>K\u00fchlbox (K\u00fchlschrank) leeren (und Gl\u00e4ser zur\u00fcck in den Laden bringen)<\/li>\n<li>Das Geschirr reinigen und abtrocknen<\/li>\n<li>M\u00fcll (getrennt) zur M\u00fclldeponie bringen<\/li>\n<li>Den Boden kehren<\/li>\n<li>Bringen Sie alles, was nicht in der Unterkunft war, in den Laden zur\u00fcck (Eimer mit Eiern, Geschirr aus z. B. einem Fr\u00fchst\u00fcckskorb usw.).<\/li>\n<\/ul>\n<p>Im Falle eines Versto\u00dfes gegen die Hausordnung und der Nichtbeachtung der Anweisungen des Personals von Landhoeve k\u00f6nnen wir den Zugang zu den R\u00e4umlichkeiten verweigern, ohne dass eine R\u00fcckerstattung m\u00f6glich ist.<\/p>\n<p><strong>6. Reklamationen<\/strong><br \/>Trotz aller Sorgfalt unserer Mitarbeiter ist es m\u00f6glich, dass Sie eine berechtigte Beschwerde haben.<br \/>Sie m\u00fcssen diese Beschwerde vor Ort bekannt geben, damit wir alles in unserer Macht Stehende tun k\u00f6nnen, um sie zu l\u00f6sen.<\/p>\n<p>[\/et_pb_text][\/et_pb_column][\/et_pb_row][\/et_pb_section]<\/p>\n","protected":false},"excerpt":{"rendered":"<p>Allgemeine Bestimmungen und Bedingungen 1. BuchungenLandhoeve akzeptiert nur Buchungen von Personen ab 18 Jahren.Wir behalten uns das Recht vor, eine Buchung jederzeit \u2013 ohne Angabe von Gr\u00fcnden \u2013 abzulehnen. 2. GruppenbuchungenBesondere Bedingungen k\u00f6nnen unter anderem f\u00fcr die Begleitung einer Gruppe,W\u00e4hrend der Zweck und die Gr\u00f6\u00dfe der Gruppe in bestimmten F\u00e4llen dazu f\u00fchren k\u00f6nnen, dass eine [&hellip;]<\/p>\n","protected":false},"author":2,"featured_media":0,"parent":0,"menu_order":0,"comment_status":"closed","ping_status":"closed","template":"","meta":{"_et_pb_use_builder":"on","_et_pb_old_content":"","_et_gb_content_width":"","footnotes":""},"class_list":["post-1789","page","type-page","status-publish","hentry"],"_links":{"self":[{"href":"https:\/\/landhoeve.nl\/de\/wp-json\/wp\/v2\/pages\/1789","targetHints":{"allow":["GET"]}}],"collection":[{"href":"https:\/\/landhoeve.nl\/de\/wp-json\/wp\/v2\/pages"}],"about":[{"href":"https:\/\/landhoeve.nl\/de\/wp-json\/wp\/v2\/types\/page"}],"author":[{"embeddable":true,"href":"https:\/\/landhoeve.nl\/de\/wp-json\/wp\/v2\/users\/2"}],"replies":[{"embeddable":true,"href":"https:\/\/landhoeve.nl\/de\/wp-json\/wp\/v2\/comments?post=1789"}],"version-history":[{"count":1,"href":"https:\/\/landhoeve.nl\/de\/wp-json\/wp\/v2\/pages\/1789\/revisions"}],"predecessor-version":[{"id":6728,"href":"https:\/\/landhoeve.nl\/de\/wp-json\/wp\/v2\/pages\/1789\/revisions\/6728"}],"wp:attachment":[{"href":"https:\/\/landhoeve.nl\/de\/wp-json\/wp\/v2\/media?parent=1789"}],"curies":[{"name":"wp","href":"https:\/\/api.w.org\/{rel}","templated":true}]}}